{"id":16135,"date":"2024-02-04T11:21:26","date_gmt":"2024-02-04T11:21:26","guid":{"rendered":"https:\/\/phorkys-mgeco.com\/?post_type=product&#038;p=16135"},"modified":"2024-04-07T14:13:11","modified_gmt":"2024-04-07T14:13:11","slug":"extincteur-2-kg-poudre-azote","status":"publish","type":"product","link":"https:\/\/phorkys-mgeco.com\/ar\/product\/extincteur-2-kg-poudre-azote\/","title":{"rendered":"EXTINCTEUR 2 KG POUDRE AZOTE"},"content":{"rendered":"<h3>\u00a0<span style=\"color: #ff0000;\">BESOIN D&rsquo;EXTINCTEUR EN URGENCE ?!<\/span><strong><br \/>\n<\/strong><\/h3>\n<ul data-pm-slice=\"3 1 []\">\n<li><span style=\"color: #339966;\"><strong>PAS DE SOUCIS, On a la solution<\/strong><\/span><\/li>\n<\/ul>\n<h4>Nous vous offrons la possibilit\u00e9 de commander un extincteur de chez vous<\/h4>\n<h4>Efficace pour toute cat\u00e9gorie de feu, peut servir pour votre v\u00e9hicule personnel, un Taxi, Bus, Camion et m\u00eame \u00e0 la maison ou une petite boutique,<\/h4>\n<h3><span style=\"color: #ff0000;\">\u0645\u0637\u0641\u0623\u0629 \u0627\u0644\u062d\u0631\u064a\u0642 2 \u0643\u063a \u0628\u0648\u062f\u0631\u0629 \u0627\u0632\u0648\u062a<\/span><\/h3>\n<h3><span style=\"color: #ff0000;\"><b>\u0637\u0641\u0627\u064a\u0629<\/b>\u00a0\u0627\u0644\u0628\u0648\u062f\u0631\u0629: \u062a\u0633\u062a\u062e\u062f\u0645 \u0641\u064a \u0625\u0637\u0641\u0627\u0621 \u063a\u0627\u0644\u0628\u064a\u0629 \u0623\u0646\u0648\u0627\u0639\u00a0<b>\u0627\u0644\u062d\u0631\u0627\u0626\u0642<\/b>\u060c \u0648\u0647\u064a \u0627\u0644\u0637\u0641\u0627\u064a\u0629 \u0627\u0644\u0623\u0641\u0636\u0644 \u0644\u0625\u062e\u0645\u0627\u062f \u062d\u0631\u0627\u0626\u0642 \u0627\u0644\u0623\u062c\u0647\u0632\u0629 \u0627\u0644\u0643\u0647\u0631\u0628\u0627\u0626\u064a\u0629.<\/span><\/h3>\n<blockquote>\n<h3><span style=\"color: #008000;\">\u0633\u0647\u0644\u0629 \u0644\u062a\u0634\u063a\u064a\u0644<\/span><\/h3>\n<h3><span style=\"color: #00ff00;\">Facile a utiliser\u00a0<\/span><\/h3>\n<h2><span style=\"color: #008000;\">\u0645\u0639\u0628\u0626\u0629 \u0648 \u0648\u0627\u062c\u062f\u0629 \u0644\u0644\u0627\u0633\u062a\u0639\u0645\u0627\u0644<\/span><\/h2>\n<h2><span style=\"color: #00ff00;\">PRET A L&rsquo;EMPLOI\u00a0<\/span><\/h2>\n<\/blockquote>\n<p>&nbsp;<\/p>\n<p>&nbsp;<\/p>\n<p><b>+ Jauge de pression : Pour contr\u00f4ler la pression du gaz \u00e0 l&rsquo;int\u00e9rieur<\/b><\/p>\n<p><b>+ Soupape de s\u00e9curit\u00e9 : Pour \u00e9viter toute mauvaise surprise, cette soupape de s\u00e9curit\u00e9 permet \u00e0 l&rsquo;extincteur d&rsquo;\u00e9vacuer le gaz pour les \u00e9viter tout d\u00e9g\u00e2ts en\u00a0 cas de chaleur extr\u00eame.<\/b><\/p>\n<p><strong>+ Charg\u00e9 et avec un ticket date : avec la date pour d\u00e9finir le prochain contr\u00f4le et \u00eatre conforme \u00e0 la loi. (Contr\u00f4le tout les 6 mois)<\/strong><\/p>\n<p><strong>+ Support r\u00e9glable pour le fixer au mur ou dans la voiture<\/strong><\/p>","protected":false},"excerpt":{"rendered":"<h3 style=\"text-align: left;\"><span style=\"color: #ff0000;\">\u0645\u0637\u0641\u0623\u0629 \u0627\u0644\u062d\u0631\u064a\u0642 2 \u0643\u063a \u0628\u0648\u062f\u0631\u0629 \u0627\u0632\u0648\u062a<\/span><\/h3>\n<h3><span style=\"color: #ff0000;\">EXTINCTEUR A POUDRE 2 KG<\/span><\/h3>\n<h3><strong style=\"font-size: 16px;\">Un \u00e9l\u00e9ment indispensable pour la pr\u00e9vention des feux domestiques ou pour prot\u00e9ger votre voiture.<\/strong><\/h3>","protected":false},"featured_media":16036,"comment_status":"open","ping_status":"closed","template":"","meta":{"neve_meta_sidebar":"","neve_meta_container":"","neve_meta_enable_content_width":"off","neve_meta_content_width":100,"neve_meta_title_alignment":"","neve_meta_author_avatar":"","neve_post_elements_order":"","neve_meta_disable_header":"","neve_meta_disable_footer":"","neve_meta_disable_title":"","_themeisle_gutenberg_block_has_review":false},"product_brand":[],"product_cat":[212],"product_tag":[225,224],"class_list":{"0":"post-16135","1":"product","2":"type-product","3":"status-publish","4":"has-post-thumbnail","6":"product_cat-extincteurs","7":"product_tag-azote","8":"product_tag-extincteurs","10":"first","11":"instock","12":"sale","13":"purchasable","14":"product-type-simple"},"_links":{"self":[{"href":"https:\/\/phorkys-mgeco.com\/ar\/wp-json\/wp\/v2\/product\/16135","targetHints":{"allow":["GET"]}}],"collection":[{"href":"https:\/\/phorkys-mgeco.com\/ar\/wp-json\/wp\/v2\/product"}],"about":[{"href":"https:\/\/phorkys-mgeco.com\/ar\/wp-json\/wp\/v2\/types\/product"}],"replies":[{"embeddable":true,"href":"https:\/\/phorkys-mgeco.com\/ar\/wp-json\/wp\/v2\/comments?post=16135"}],"wp:featuredmedia":[{"embeddable":true,"href":"https:\/\/phorkys-mgeco.com\/ar\/wp-json\/wp\/v2\/media\/16036"}],"wp:attachment":[{"href":"https:\/\/phorkys-mgeco.com\/ar\/wp-json\/wp\/v2\/media?parent=16135"}],"wp:term":[{"taxonomy":"product_brand","embeddable":true,"href":"https:\/\/phorkys-mgeco.com\/ar\/wp-json\/wp\/v2\/product_brand?post=16135"},{"taxonomy":"product_cat","embeddable":true,"href":"https:\/\/phorkys-mgeco.com\/ar\/wp-json\/wp\/v2\/product_cat?post=16135"},{"taxonomy":"product_tag","embeddable":true,"href":"https:\/\/phorkys-mgeco.com\/ar\/wp-json\/wp\/v2\/product_tag?post=16135"}],"curies":[{"name":"wp","href":"https:\/\/api.w.org\/{rel}","templated":true}]}}