{"id":16141,"date":"2024-02-05T10:16:01","date_gmt":"2024-02-05T10:16:01","guid":{"rendered":"https:\/\/phorkys-mgeco.com\/?post_type=product&#038;p=16141"},"modified":"2024-07-23T18:56:04","modified_gmt":"2024-07-23T18:56:04","slug":"chaussure-sodalite","status":"publish","type":"product","link":"https:\/\/phorkys-mgeco.com\/ar\/product\/chaussure-sodalite\/","title":{"rendered":"Chaussure de s\u00e9curit\u00e9 Haute SODALITE"},"content":{"rendered":"<h2>SODALITE Chaussure Haute Velours Gris\/Bleu S1P &#8211; 9SODH<\/h2>\n<p>SODALITE est une chaussure de s\u00e9curit\u00e9 montante en cuir velours matelass\u00e9e au niveau du prot\u00e8ge mall\u00e9ole et de la languette. Elle est \u00e9quip\u00e9e d\u2019une semelle ext\u00e9rieure \u00e0 forte r\u00e9sistance aux glissements sur sol c\u00e9ramiques et acier. Ce mod\u00e8le est souple et l\u00e9ger gr\u00e2ce \u00e0 son embout en composite et sa semelle intercalaire contre la perforation en textile. Sa semelle ext\u00e9rieure est antistatique et r\u00e9sistante aux hydrocarbures.<strong>AVANTAGES :\u00a0<\/strong>Tige et doublure respirantes. Renfort anti-torsion de la vo\u00fbte plantaire. Semelle interm\u00e9diaire avec surbout de protection avant Embout de protection composite Semelle anti-perforation textile<strong>SECTEURS INDUSTRIELS :\u00a0<\/strong>Infrastructure,\u00a0Infrastructures; BTP,\u00a0Infrastructures; BTP; TP,\u00a0Second-\u0153uvre du b\u00e2timent,\u00a0Services et distribution,\u00a0Transport (hors fabrication) et logistique<strong>CAT\u00c9GORIES EPI :\u00a0<\/strong>II<strong>GAMME :\u00a0<\/strong>Multi-usages,\u00a0Protection des pieds<strong>SOUS-FAMILLE :\u00a0<\/strong>Haute<strong>COULEUR :\u00a0<\/strong>Gris<\/p>\n<p>\/*! elementor &#8211; v3.19.0 &#8211; 29-01-2024 *\/<br \/>.elementor-widget-image{text-align:center}.elementor-widget-image a{display:inline-block}.elementor-widget-image a img[src$=\u00a0\u00bb.svg\u00a0\u00bb]{width:48px}.elementor-widget-image img{vertical-align:middle;display:inline-block}<\/p>\n<figure><img loading=\"lazy\" decoding=\"async\" src=\"https:\/\/phorkys-mgeco.com\/wp-content\/uploads\/2024\/02\/20240118_104124-600x800.webp\" alt=\"SODALITE HIGH Chaussure de s\u00e9curit\u00e9\" width=\"600\" height=\"800\" \/><figcaption><\/figcaption><\/figure>\n","protected":false},"excerpt":{"rendered":"<p><span style=\"color: #0000ff\">SODALITE<\/span> est une chaussure de s\u00e9curit\u00e9 montante en cuir velours matelass\u00e9e<br \/>\nau niveau du prot\u00e8ge mall\u00e9ole et de la languette. Elle est \u00e9quip\u00e9e d\u2019une semelle<br \/>\next\u00e9rieure \u00e0 forte r\u00e9sistance aux glissements sur sol c\u00e9ramiques et acier. Ce mod\u00e8le est souple et l\u00e9ger gr\u00e2ce \u00e0 son embout en composite et sa semelle<br \/>\nintercalaire contre la perforation en textile. Sa semelle ext\u00e9rieure est antistatique<br \/>\net r\u00e9sistante aux hydrocarbures.<\/p>\n<p><span style=\"color: #ff6600\">Les +<\/span><\/p>\n<p>* Tige et doublure respirantes.<br \/>\n* Renfort anti-torsion de la vo\u00fbte plantaire.<br \/>\n* Semelle interm\u00e9diaire avec sur-bout de protection avant.<\/p>","protected":false},"featured_media":16034,"comment_status":"open","ping_status":"closed","template":"","meta":{"neve_meta_sidebar":"","neve_meta_container":"","neve_meta_enable_content_width":"off","neve_meta_content_width":100,"neve_meta_title_alignment":"","neve_meta_author_avatar":"","neve_post_elements_order":"","neve_meta_disable_header":"","neve_meta_disable_footer":"","neve_meta_disable_title":"","_themeisle_gutenberg_block_has_review":false},"product_brand":[],"product_cat":[20],"product_tag":[],"class_list":{"0":"post-16141","1":"product","2":"type-product","3":"status-publish","4":"has-post-thumbnail","6":"product_cat-accessories","7":"pa_pointure-456","8":"pa_pointure-457","9":"pa_pointure-458","10":"pa_pointure-459","11":"pa_pointure-462","12":"pa_pointure-472","13":"pa_pointure-473","14":"pa_pointure-474","15":"pa_pointure-475","16":"pa_pointure-476","18":"first","19":"instock","20":"sale","21":"taxable","22":"shipping-taxable","23":"purchasable","24":"product-type-variable"},"_links":{"self":[{"href":"https:\/\/phorkys-mgeco.com\/ar\/wp-json\/wp\/v2\/product\/16141","targetHints":{"allow":["GET"]}}],"collection":[{"href":"https:\/\/phorkys-mgeco.com\/ar\/wp-json\/wp\/v2\/product"}],"about":[{"href":"https:\/\/phorkys-mgeco.com\/ar\/wp-json\/wp\/v2\/types\/product"}],"replies":[{"embeddable":true,"href":"https:\/\/phorkys-mgeco.com\/ar\/wp-json\/wp\/v2\/comments?post=16141"}],"wp:featuredmedia":[{"embeddable":true,"href":"https:\/\/phorkys-mgeco.com\/ar\/wp-json\/wp\/v2\/media\/16034"}],"wp:attachment":[{"href":"https:\/\/phorkys-mgeco.com\/ar\/wp-json\/wp\/v2\/media?parent=16141"}],"wp:term":[{"taxonomy":"product_brand","embeddable":true,"href":"https:\/\/phorkys-mgeco.com\/ar\/wp-json\/wp\/v2\/product_brand?post=16141"},{"taxonomy":"product_cat","embeddable":true,"href":"https:\/\/phorkys-mgeco.com\/ar\/wp-json\/wp\/v2\/product_cat?post=16141"},{"taxonomy":"product_tag","embeddable":true,"href":"https:\/\/phorkys-mgeco.com\/ar\/wp-json\/wp\/v2\/product_tag?post=16141"}],"curies":[{"name":"wp","href":"https:\/\/api.w.org\/{rel}","templated":true}]}}