{"id":16265,"date":"2026-04-01T14:30:28","date_gmt":"2026-04-01T14:30:28","guid":{"rendered":"https:\/\/phorkys-mgeco.com\/?post_type=product&#038;p=16265"},"modified":"2026-04-01T14:30:28","modified_gmt":"2026-04-01T14:30:28","slug":"gants-anti-coupure","status":"publish","type":"product","link":"https:\/\/phorkys-mgeco.com\/ar\/product\/gants-anti-coupure\/","title":{"rendered":"Gants Anti Coupure"},"content":{"rendered":"<p>Gants anti coupure<\/p>\n<p>GILAN<\/p>\n<p>GRADE 5<\/p>\n<p>Taille 10\/XL<\/p>\n<div class=\"otQkpb\" role=\"heading\" aria-level=\"3\" data-animation-nesting=\"\" data-sfc-cp=\"\" data-sfc-root=\"c\" data-sfc-cb=\"\" data-complete=\"true\" data-processed=\"true\" data-sae=\"\" data-copy-service-computed-style=\"font-family: &quot;Google Sans&quot;, Arial, sans-serif; font-size: 20px; font-weight: 600; margin: 24px 0px 12px; text-decoration: none; border-bottom: 0px none rgb(10, 10, 10);\">Caract\u00e9ristiques principales<!--TgQPHd|[]--><\/div>\n<ul class=\"KsbFXc U6u95\" data-sfc-root=\"c\" data-sfc-cb=\"\" data-complete=\"true\" data-processed=\"true\" data-copy-service-computed-style=\"font-family: &quot;Google Sans&quot;, Arial, sans-serif; font-size: 16px; font-weight: 400; margin: 12px 0px 16px; text-decoration: none; border-bottom: 0px none rgb(10, 10, 10);\">\n<li class=\"dF3vjf\" data-sfc-root=\"c\" data-sfc-cb=\"\" data-hveid=\"CAUQAA\" data-complete=\"true\" data-sae=\"\" data-copy-service-computed-style=\"font-family: &quot;Google Sans&quot;, Arial, sans-serif; font-size: 16px; font-weight: 400; margin: 0px 0px 12px; text-decoration: none; border-bottom: 0px none rgb(10, 10, 10);\"><span class=\"T286Pc\" data-sfc-cp=\"\" data-sfc-root=\"c\" data-sfc-cb=\"\" data-complete=\"true\" data-copy-service-computed-style=\"font-family: &quot;Google Sans&quot;, Arial, sans-serif; font-size: 16px; font-weight: 400; margin: 0px; text-decoration: none; border-bottom: 0px none rgb(10, 10, 10);\"><strong class=\"Yjhzub\" data-sfc-root=\"c\" data-sfc-cb=\"\" data-complete=\"true\" data-copy-service-computed-style=\"font-family: &quot;Google Sans&quot;, Arial, sans-serif; font-size: 16px; font-weight: 700; margin: 0px; text-decoration: none; border-bottom: 0px none rgb(10, 10, 10);\">Mat\u00e9riaux courants<!--TgQPHd|[]--><\/strong> : Tricot \u00e0 base de fibres <strong class=\"Yjhzub\" data-sfc-root=\"c\" data-sfc-cb=\"\" data-complete=\"true\" data-copy-service-computed-style=\"font-family: &quot;Google Sans&quot;, Arial, sans-serif; font-size: 16px; font-weight: 700; margin: 0px; text-decoration: none; border-bottom: 0px none rgb(10, 10, 10);\">HPPE<!--TgQPHd|[]--><\/strong> (poly\u00e9thyl\u00e8ne haute performance), de <strong class=\"Yjhzub\" data-sfc-root=\"c\" data-sfc-cb=\"\" data-complete=\"true\" data-copy-service-computed-style=\"font-family: &quot;Google Sans&quot;, Arial, sans-serif; font-size: 16px; font-weight: 700; margin: 0px; text-decoration: none; border-bottom: 0px none rgb(10, 10, 10);\">Kevlar<!--TgQPHd|[]--><\/strong> ou de technologie <strong class=\"Yjhzub\" data-sfc-root=\"c\" data-sfc-cb=\"\" data-complete=\"true\" data-copy-service-computed-style=\"font-family: &quot;Google Sans&quot;, Arial, sans-serif; font-size: 16px; font-weight: 700; margin: 0px; text-decoration: none; border-bottom: 0px none rgb(10, 10, 10);\">Hagane Coil<!--TgQPHd|[]--><\/strong> pour la r\u00e9sistance.<!--TgQPHd|[]--><\/span><!--TgQPHd|[]--><\/li>\n<li class=\"dF3vjf\" data-sfc-root=\"c\" data-sfc-cb=\"\" data-hveid=\"CAUQAQ\" data-complete=\"true\" data-sae=\"\" data-copy-service-computed-style=\"font-family: &quot;Google Sans&quot;, Arial, sans-serif; font-size: 16px; font-weight: 400; margin: 0px 0px 12px; text-decoration: none; border-bottom: 0px none rgb(10, 10, 10);\"><span class=\"T286Pc\" data-sfc-cp=\"\" data-sfc-root=\"c\" data-sfc-cb=\"\" data-complete=\"true\" data-copy-service-computed-style=\"font-family: &quot;Google Sans&quot;, Arial, sans-serif; font-size: 16px; font-weight: 400; margin: 0px; text-decoration: none; border-bottom: 0px none rgb(10, 10, 10);\"><strong class=\"Yjhzub\" data-sfc-root=\"c\" data-sfc-cb=\"\" data-complete=\"true\" data-copy-service-computed-style=\"font-family: &quot;Google Sans&quot;, Arial, sans-serif; font-size: 16px; font-weight: 700; margin: 0px; text-decoration: none; border-bottom: 0px none rgb(10, 10, 10);\">Enduction (Paume)<!--TgQPHd|[]--><\/strong> : Souvent en <strong class=\"Yjhzub\" data-sfc-root=\"c\" data-sfc-cb=\"\" data-complete=\"true\" data-copy-service-computed-style=\"font-family: &quot;Google Sans&quot;, Arial, sans-serif; font-size: 16px; font-weight: 700; margin: 0px; text-decoration: none; border-bottom: 0px none rgb(10, 10, 10);\">Polyur\u00e9thane (PU)<!--TgQPHd|[]--><\/strong> pour la pr\u00e9cision en milieu sec, ou en <strong class=\"Yjhzub\" data-sfc-root=\"c\" data-sfc-cb=\"\" data-complete=\"true\" data-copy-service-computed-style=\"font-family: &quot;Google Sans&quot;, Arial, sans-serif; font-size: 16px; font-weight: 700; margin: 0px; text-decoration: none; border-bottom: 0px none rgb(10, 10, 10);\">Nitrile<!--TgQPHd|[]--><\/strong> pour une meilleure adh\u00e9rence en milieu huileux.<!--TgQPHd|[]--><\/span><!--TgQPHd|[]--><\/li>\n<li class=\"dF3vjf\" data-sfc-root=\"c\" data-sfc-cb=\"\" data-hveid=\"CAUQAg\" data-complete=\"true\" data-sae=\"\" data-copy-service-computed-style=\"font-family: &quot;Google Sans&quot;, Arial, sans-serif; font-size: 16px; font-weight: 400; margin: 0px 0px 12px; text-decoration: none; border-bottom: 0px none rgb(10, 10, 10);\"><span class=\"T286Pc\" data-sfc-cp=\"\" data-sfc-root=\"c\" data-sfc-cb=\"\" data-complete=\"true\" aria-owns=\"action-menu-parent-container\" data-copy-service-computed-style=\"font-family: &quot;Google Sans&quot;, Arial, sans-serif; font-size: 16px; font-weight: 400; margin: 0px; text-decoration: none; border-bottom: 0px none rgb(10, 10, 10);\"><strong class=\"Yjhzub\" data-sfc-root=\"c\" data-sfc-cb=\"\" data-complete=\"true\" data-copy-service-computed-style=\"font-family: &quot;Google Sans&quot;, Arial, sans-serif; font-size: 16px; font-weight: 700; margin: 0px; text-decoration: none; border-bottom: 0px none rgb(10, 10, 10);\">Niveaux de protection<!--TgQPHd|[]--><\/strong> : Le <strong class=\"Yjhzub\" data-sfc-root=\"c\" data-sfc-cb=\"\" data-complete=\"true\" data-copy-service-computed-style=\"font-family: &quot;Google Sans&quot;, Arial, sans-serif; font-size: 16px; font-weight: 700; margin: 0px; text-decoration: none; border-bottom: 0px none rgb(10, 10, 10);\">Niveau 5<!--TgQPHd|[]--><\/strong> (ou indices D\/E\/F selon la nouvelle norme) offre la protection maximale contre les coupures nettes, id\u00e9ale pour la manipulation de verre ou de m\u00e9taux tranchants.<\/span><\/li>\n<\/ul>","protected":false},"excerpt":{"rendered":"<p>Gants anti coupure GILAN GRADE 5 Taille 10\/XL Caract\u00e9ristiques principales Mat\u00e9riaux courants : Tricot \u00e0 base de fibres HPPE (poly\u00e9thyl\u00e8ne haute performance), de Kevlar ou de technologie Hagane Coil pour la r\u00e9sistance. Enduction (Paume) : Souvent en Polyur\u00e9thane (PU) pour la pr\u00e9cision en milieu sec, ou en Nitrile pour une meilleure adh\u00e9rence en milieu huileux.&hellip;&nbsp;<a href=\"https:\/\/phorkys-mgeco.com\/ar\/product\/gants-anti-coupure\/\" rel=\"bookmark\">\u0627\u0642\u0631\u0623 \u0627\u0644\u0645\u0632\u064a\u062f &raquo;<span class=\"screen-reader-text\">Gants Anti Coupure<\/span><\/a><\/p>","protected":false},"featured_media":16266,"comment_status":"open","ping_status":"closed","template":"","meta":{"neve_meta_sidebar":"","neve_meta_container":"contained","neve_meta_enable_content_width":"off","neve_meta_content_width":100,"neve_meta_title_alignment":"","neve_meta_author_avatar":"","neve_post_elements_order":"","neve_meta_disable_header":"","neve_meta_disable_footer":"","neve_meta_disable_title":"","_themeisle_gutenberg_block_has_review":false},"product_brand":[],"product_cat":[20,70],"product_tag":[518,517,471],"class_list":{"0":"post-16265","1":"product","2":"type-product","3":"status-publish","4":"has-post-thumbnail","6":"product_cat-accessories","7":"product_cat-gants","8":"product_tag-epi","9":"product_tag-gants","10":"product_tag-safety","11":"pa_size-xl","13":"first","14":"instock","15":"sale","16":"taxable","17":"shipping-taxable","18":"purchasable","19":"product-type-simple"},"_links":{"self":[{"href":"https:\/\/phorkys-mgeco.com\/ar\/wp-json\/wp\/v2\/product\/16265","targetHints":{"allow":["GET"]}}],"collection":[{"href":"https:\/\/phorkys-mgeco.com\/ar\/wp-json\/wp\/v2\/product"}],"about":[{"href":"https:\/\/phorkys-mgeco.com\/ar\/wp-json\/wp\/v2\/types\/product"}],"replies":[{"embeddable":true,"href":"https:\/\/phorkys-mgeco.com\/ar\/wp-json\/wp\/v2\/comments?post=16265"}],"wp:featuredmedia":[{"embeddable":true,"href":"https:\/\/phorkys-mgeco.com\/ar\/wp-json\/wp\/v2\/media\/16266"}],"wp:attachment":[{"href":"https:\/\/phorkys-mgeco.com\/ar\/wp-json\/wp\/v2\/media?parent=16265"}],"wp:term":[{"taxonomy":"product_brand","embeddable":true,"href":"https:\/\/phorkys-mgeco.com\/ar\/wp-json\/wp\/v2\/product_brand?post=16265"},{"taxonomy":"product_cat","embeddable":true,"href":"https:\/\/phorkys-mgeco.com\/ar\/wp-json\/wp\/v2\/product_cat?post=16265"},{"taxonomy":"product_tag","embeddable":true,"href":"https:\/\/phorkys-mgeco.com\/ar\/wp-json\/wp\/v2\/product_tag?post=16265"}],"curies":[{"name":"wp","href":"https:\/\/api.w.org\/{rel}","templated":true}]}}